{"id":37,"date":"2020-11-02T09:37:47","date_gmt":"2020-11-02T09:37:47","guid":{"rendered":"http:\/\/www.malmed.ro\/index.php\/mesmerize\/"},"modified":"2020-11-12T07:54:02","modified_gmt":"2020-11-12T07:54:02","slug":"mesmerize","status":"publish","type":"page","link":"https:\/\/www.malmed.ro\/","title":{"rendered":"Front Page"},"content":{"rendered":"<div  data-label=\"About\" data-id=\"about--1\" data-export-id=\"about-4\" data-category=\"about\" class=\"about-4 content-section content-section-spacing\" id=\"about-1\" style=\"background-color: rgb(245, 250, 253);\" data-bullets-visibility=\"true\"><div  class=\"gridContainer\"> <div  class=\"row middle-sm text-center\"><div  class=\"col-sm-5 space-bottom-xs content-left-sm\" data-type=\"column\">  <h2  class=\"\">Despre noi<\/h2>  <p  class=\"\"><\/p><p class=\"MsoNormal\" ><span style=\"mso-bidi-font-family: Calibri; mso-bidi-theme-font: minor-latin; color: #222222; background: white;\" >Malmed.ro este un proiect al Societ\u0103\u021bii de \u0218tiin\u021be Juridice \u0219i are ca scop principal aducerea laolalt\u0103 a\nprofesioni\u0219tilor din domeniul juridic \u0219i medical, \u00een vederea aprofund\u0103rii\naspectelor de malpraxis medical, at\u00e2t din punct de vedere teoretic, c\u00e2t \u0219i\npractic.&nbsp;\n<br ><o:p ><\/o:p><\/span><\/p><p class=\"MsoNormal\" ><span style=\"mso-bidi-font-family: Calibri; mso-bidi-theme-font: minor-latin; color: #222222; background: white;\" >Societatea de \u0218tiin\u021be Juridice\n(JURIDICE.ro) se afl\u0103 \u00een rela\u021bii de parteneriat \u0219i colaborare cu cele mai\nimportante institu\u021bii, organiza\u021bii profesionale \u0219i forme de organizare profesiilor juridice.&nbsp;&nbsp;\n\n<br ><br >Toate informa\u021biile prezentate \u00een cadrul proiectului malmed.ro provin din surse oficiale \u0219i sunt \u00een conformitate cu legea \u00een vigoare.<br ><span style=\"background-color: rgb(245, 250, 253); color: rgb(107, 124, 147);\" ><br >\u00cen sec\u021biunea \u201eLegisla\u021bie relevant\u0103\u201d prezent\u0103m dispozi\u021biile\nnormative de interes pentru domeniul malpraxisului medical.<\/span><span style=\"background-color: rgb(245, 250, 253); color: rgb(107, 124, 147);\" >&nbsp;<\/span><\/span><\/p><p class=\"MsoNormal\" >\u00cen cadrul proiectului \u201eEvenimente\u201d organiz\u0103m conferin\u021be la care particip\u0103 profesioni\u0219ti medici \u0219i juri\u0219ti, unde\nsunt dezb\u0103tute teme de interes pentru aria de specialitate a malpraxisului medical.<\/p><p class=\"MsoNormal\" ><o:p ><\/o:p><\/p><p class=\"MsoNormal\" >Sus\u021binem interac\u021biunea cu membrii comunit\u0103\u021bii online, \u00een\ncadrul sec\u021biunii ,,\u00centreb\u0103ri \u0219i r\u0103punsuri\u201d<span lang=\"RO\" >, prin discutarea aspectelor legislative relevante acestui\ndomeniu.<\/span><\/p><\/div> <div  class=\"col-sm-7 flexbox center-xs middle-xs image-group-2-img\"> <img decoding=\"async\"  class=\"img-1 shadow-large\" data-size=\"250x200\" src=\"http:\/\/www.malmed.ro\/wp-content\/uploads\/2020\/11\/pexels-cottonbro-5722164-1.jpg\" data-pagespeed-url-hash=\"1677171144\" onload=\"pagespeed.CriticalImages.checkImageForCriticality(this);\" alt=\"\" title=\"pexels-cottonbro-5722164\"> <img decoding=\"async\"  class=\"img-2 shadow-large\" data-size=\"220x170\" src=\"http:\/\/www.malmed.ro\/wp-content\/uploads\/2020\/11\/pexels-photo-5669619.jpeg\" data-pagespeed-url-hash=\"324069405\" onload=\"pagespeed.CriticalImages.checkImageForCriticality(this);\" alt=\"\" title=\"pexels-photo-5669619\"><\/div> <\/div><\/div> <\/div><div  id=\"despre-1\" style=\"background-color: #fff; background-image: url(http:\/\/www.malmed.ro\/wp-content\/uploads\/2020\/11\/istockphoto-960915330-612x612-1.jpg); background-size: cover; background-position: center top;\" data-label=\"Despre\" data-id=\"contact-1-mc\" data-export-id=\"contact-1-mc\" data-bullets-visibility=\"true\" data-category=\"contact\" class=\"contact-1-mc content-section content-section-spacing white-text\" data-parallax-depth=\"20\"><div  class=\"gridContainer\"> <div  class=\"row text-center\"><div  class=\"section-title-col\" data-type=\"column\">  <h2  class=\"\">Contact<\/h2> <\/div> <\/div> <div  class=\"row text-center\"> <div  class=\"col-xs-12 col-sm-8 col-sm-offset-2 contact-form-wrapper inline-info\"> <div  class=\"card large-padding\"> <div  class=\"\" data-content-shortcode=\"mesmerize_contact_form\" data-editable=\"true\"><p style=\"text-align:center;color:#ababab\">Contact form will be displayed here. To activate it you have to set the \"contact form shortcode\" parameter in Customizer.<\/p><\/div><\/div> <\/div><\/div> <\/div><\/div>","protected":false},"excerpt":{"rendered":"<p>Despre noi Malmed.ro este un proiect al Societ\u0103\u021bii de \u0218tiin\u021be Juridice \u0219i are ca scop principal aducerea laolalt\u0103 a profesioni\u0219tilor din domeniul juridic \u0219i medical, \u00een vederea aprofund\u0103rii aspectelor de malpraxis medical, at\u00e2t din punct de vedere teoretic, c\u00e2t \u0219i practic.&nbsp; Societatea de \u0218tiin\u021be Juridice (JURIDICE.ro) se afl\u0103 \u00een rela\u021bii de parteneriat \u0219i colaborare cu&hellip; <br \/> <a class=\"read-more\" href=\"https:\/\/www.malmed.ro\/\">Read more<\/a><\/p>\n","protected":false},"author":2,"featured_media":0,"parent":0,"menu_order":0,"comment_status":"closed","ping_status":"closed","template":"page-templates\/homepage.php","meta":{"footnotes":""},"class_list":["post-37","page","type-page","status-publish","hentry"],"_links":{"self":[{"href":"https:\/\/www.malmed.ro\/index.php\/wp-json\/wp\/v2\/pages\/37","targetHints":{"allow":["GET"]}}],"collection":[{"href":"https:\/\/www.malmed.ro\/index.php\/wp-json\/wp\/v2\/pages"}],"about":[{"href":"https:\/\/www.malmed.ro\/index.php\/wp-json\/wp\/v2\/types\/page"}],"author":[{"embeddable":true,"href":"https:\/\/www.malmed.ro\/index.php\/wp-json\/wp\/v2\/users\/2"}],"replies":[{"embeddable":true,"href":"https:\/\/www.malmed.ro\/index.php\/wp-json\/wp\/v2\/comments?post=37"}],"version-history":[{"count":18,"href":"https:\/\/www.malmed.ro\/index.php\/wp-json\/wp\/v2\/pages\/37\/revisions"}],"predecessor-version":[{"id":155,"href":"https:\/\/www.malmed.ro\/index.php\/wp-json\/wp\/v2\/pages\/37\/revisions\/155"}],"wp:attachment":[{"href":"https:\/\/www.malmed.ro\/index.php\/wp-json\/wp\/v2\/media?parent=37"}],"curies":[{"name":"wp","href":"https:\/\/api.w.org\/{rel}","templated":true}]}}